{"id":22,"date":"2019-06-05T16:10:39","date_gmt":"2019-06-05T14:10:39","guid":{"rendered":"http:\/\/autlines.templines.org\/auto\/?page_id=22"},"modified":"2022-02-03T10:50:22","modified_gmt":"2022-02-03T09:50:22","slug":"home","status":"publish","type":"page","link":"https:\/\/pujcovna-neoprenu.cz\/","title":{"rendered":"Dom\u016f"},"content":{"rendered":"<p>[vc_row full_width=&#8220;stretch_row_content_no_spaces&#8220;][vc_column]\n\t\t\t<!-- START Nevica Home Slider REVOLUTION SLIDER 6.5.19 --><p class=\"rs-p-wp-fix\"><\/p>\n\t\t\t<rs-module-wrap id=\"rev_slider_1_1_wrapper\" data-source=\"gallery\" style=\"visibility:hidden;background:transparent;padding:0;margin:0px auto;margin-top:0;margin-bottom:0;\">\n\t\t\t\t<rs-module id=\"rev_slider_1_1\" style=\"\" data-version=\"6.5.19\">\n\t\t\t\t\t<rs-slides>\n\t\t\t\t\t\t<rs-slide style=\"position: absolute;\" data-key=\"rs-2\" data-title=\"Slide\" data-in=\"o:0;\" data-out=\"a:false;\">\n\t\t\t\t\t\t\t<img loading=\"lazy\" decoding=\"async\" src=\"\/\/pujcovna-neoprenu.cz\/wp-content\/plugins\/revslider\/public\/assets\/assets\/dummy.png\" alt=\"\" title=\"spole\u010dn\u00e1\" width=\"2560\" height=\"1696\" class=\"rev-slidebg tp-rs-img rs-lazyload\" data-lazyload=\"\/\/pujcovna-neoprenu.cz\/wp-content\/uploads\/2021\/10\/spolecna-scaled.jpg\" data-no-retina>\n<!---->\t\t\t\t\t\t<\/rs-slide>\n\t\t\t\t\t\t<rs-slide style=\"position: absolute;\" data-key=\"rs-3\" data-title=\"Slide\" data-in=\"o:0;\" data-out=\"a:false;\">\n\t\t\t\t\t\t\t<img loading=\"lazy\" decoding=\"async\" src=\"\/\/pujcovna-neoprenu.cz\/wp-content\/plugins\/revslider\/public\/assets\/assets\/dummy.png\" alt=\"\" title=\"dav\" width=\"2560\" height=\"1932\" class=\"rev-slidebg tp-rs-img rs-lazyload\" data-lazyload=\"\/\/pujcovna-neoprenu.cz\/wp-content\/uploads\/2021\/10\/reka_top_pohled-scaled.jpg\" data-no-retina>\n<!---->\t\t\t\t\t\t<\/rs-slide>\n\t\t\t\t\t\t<rs-slide style=\"position: absolute;\" data-key=\"rs-4\" data-title=\"Slide\" data-in=\"o:0;\" data-out=\"a:false;\">\n\t\t\t\t\t\t\t<img loading=\"lazy\" decoding=\"async\" src=\"\/\/pujcovna-neoprenu.cz\/wp-content\/plugins\/revslider\/public\/assets\/assets\/dummy.png\" alt=\"\" title=\"fotka &#8211; salza-4\" width=\"1620\" height=\"542\" class=\"rev-slidebg tp-rs-img rs-lazyload\" data-lazyload=\"\/\/pujcovna-neoprenu.cz\/wp-content\/uploads\/2021\/10\/fotka-salza-4.jpg\" data-no-retina>\n<!---->\t\t\t\t\t\t<\/rs-slide>\n\t\t\t\t\t<\/rs-slides>\n\t\t\t\t<\/rs-module>\n\t\t\t\t<script>\n\t\t\t\t\tsetREVStartSize({c: 'rev_slider_1_1',rl:[1240,1024,778,480],el:[900,768,960,720],gw:[1240,1024,778,480],gh:[900,768,960,720],type:'standard',justify:'',layout:'fullwidth',mh:\"0\"});if (window.RS_MODULES!==undefined && window.RS_MODULES.modules!==undefined && window.RS_MODULES.modules[\"revslider11\"]!==undefined) {window.RS_MODULES.modules[\"revslider11\"].once = false;window.revapi1 = undefined;if (window.RS_MODULES.checkMinimal!==undefined) window.RS_MODULES.checkMinimal()}\n\t\t\t\t<\/script>\n\t\t\t<\/rs-module-wrap>\n\t\t\t<!-- END REVOLUTION SLIDER -->\n<div class=\"fl-vc-responsive--gap cf\"  style=height:20px;><\/div>[\/vc_column][\/vc_row][vc_row content_placement=&#8220;middle&#8220;][vc_column width=&#8220;1\/2&#8243;]<div class=\"fl-vc-custom-title-container fl-animated-item-velocity text-left\"  data-animate-type=\"slideRightIn\"><div class=\"fl-title-vc vc-default-title fl-font-style-bolt fl-custom-title-69e35e39b5b0d-8535 fl-title-responsive-69e35e39b5b12-3418 fl-vc--responsive\"   data-responsive-target='fl-title-responsive-69e35e39b5b12-3418'  data-responsive-param='{\"font-size\":\"tablet:35px;mobile:28px;\",\"line-height\":\"\",\"letter-spacing\":\"\",\"margin-top\":\"\",\"margin-bottom\":\"\"}' >Nab\u00edz\u00edme \u0161irok\u00e9<\/p>\n<p>spektrum vybaven\u00ed<\/p>\n<p>pro co nejlep\u0161\u00ed<\/p>\n<p>z\u00e1\u017eitek<\/div><\/div><div class=\"fl-vc-responsive--gap cf\"  style=height:20px;><\/div><div class=\"fl_custom_text__block fl-custom-text-69e35e39b5bbe-7767 fl-animated-item-velocity\"  data-animate-type=\"slideLeftIn\"><p>P\u016fj\u010dovna vod\u00e1ck\u00e9ho vybaven\u00ed a vod\u00e1ck\u00fd obchod je rodinn\u00e1 firma v\u00a0Bor\u0161ov\u011b nad<br \/>\nVltavou.\u00a0Na\u0161im spole\u010dn\u00fdm \u00fakolem je zp\u0159\u00edjemnit klient\u016fm vod\u00e1ck\u00fd z\u00e1\u017eitek. Chceme, aby byli na\u0161i klienti po celou dobu plavby v bezpe\u010d\u00ed, proto pou\u017e\u00edv\u00e1me to nejlep\u0161\u00ed vybaven\u00ed, kter\u00e9 zabezpe\u010d\u00ed bezpe\u010dn\u00fd komfort na turistick\u00e9 i raftov\u00e9 vod\u011b. V p\u0159\u00edpad\u011b jak\u00fdkoliv dotaz\u016f n\u00e1s nev\u00e1hejte kontaktovat na \u010d\u00edsle +420 602 845 444. T\u011b\u0161\u00edme se na V\u00e1s!<\/p>\n<\/div><div class=\"fl-vc-responsive--gap cf\"  style=height:20px;><\/div>[\/vc_column][vc_column width=&#8220;1\/2&#8243; desktop_bg_image_position=&#8220;bg-position-center-center&#8220; offset=&#8220;vc_col-lg-6 vc_col-md-6 vc_hidden-sm vc_hidden-xs&#8220;][vc_single_image image=&#8220;18929&#8243; animation=&#8220;none&#8220;][\/vc_column][\/vc_row][vc_row custom_responsive_option=&#8220;on&#8220; css=&#8220;.vc_custom_1602209586957{margin-top: 40px !important;margin-bottom: 100px !important;}&#8220; responsive_css=&#8220;margin_top_mobile:30px|margin_bottom_mobile:80px&#8220;][vc_column width=&#8220;1\/2&#8243; offset=&#8220;vc_col-lg-4 vc_col-md-4&#8243;]<div class=\"fl-icon-box cf fl-animated-item-velocity\"  data-animate-type=\"slideUpIn\"><div class=\"fl-icon-box-wrapper icon-box-style-two\"><div class=\"icon-box-icon-wrapper\"><i class=\"fl-vc-custom-i-027-helm-2\"><\/i><\/div><div class=\"icon-box-right-content\"><div class=\"icon-box-title fl-text-title-style\">V\u00edme, co d\u011bl\u00e1me<\/div><div class=\"icon-box-title-decor\"><\/div><div class=\"icon-box-text-content\">M\u00e1me p\u0159es 22 let zku\u0161enost\u00ed v oblasti vod\u00e1ctv\u00ed a raftingu<\/div><\/div><\/div><\/div>[\/vc_column][vc_column width=&#8220;1\/2&#8243; offset=&#8220;vc_col-lg-4 vc_col-md-4&#8243;]<div class=\"fl-icon-box cf fl-animated-item-velocity\"  data-animate-type=\"slideUpIn\"><div class=\"fl-icon-box-wrapper icon-box-style-two\"><div class=\"icon-box-icon-wrapper\"><i class=\"fl-vc-custom-i-002-snorkel\"><\/i><\/div><div class=\"icon-box-right-content\"><div class=\"icon-box-title fl-text-title-style\">Neboj\u00edme se toho!<\/div><div class=\"icon-box-title-decor\"><\/div><div class=\"icon-box-text-content\">V p\u0159\u00edpad\u011b v\u011bt\u0161\u00ed skupiny, dok\u00e1\u017eeme vybavit p\u0159es 150 osob<\/div><\/div><\/div><\/div>[\/vc_column][vc_column width=&#8220;1\/2&#8243; offset=&#8220;vc_col-lg-4 vc_col-md-4&#8243;]<div class=\"fl-icon-box cf fl-animated-item-velocity\"  data-animate-type=\"slideUpIn\"><div class=\"fl-icon-box-wrapper icon-box-style-two\"><div class=\"icon-box-icon-wrapper\"><i class=\"fl-vc-custom-i-003-sailor\"><\/i><\/div><div class=\"icon-box-right-content\"><div class=\"icon-box-title fl-text-title-style\">Jsme tu pro V\u00e1s<\/div><div class=\"icon-box-title-decor\"><\/div><div class=\"icon-box-text-content\">M\u00e1te-li dotazy &#8211; r\u00e1di V\u00e1m profesion\u00e1ln\u011b porad\u00edme<\/div><\/div><\/div><\/div>[\/vc_column][\/vc_row][vc_row][vc_column]<div class=\"fl-vc-responsive--gap cf fl-responsive-gap-69e35e39b5e0c-4161 fl-vc--responsive\"   data-responsive-target='fl-responsive-gap-69e35e39b5e0c-4161'  data-responsive-param='{\"height\":\"tablet:20px;\"}'  style=height:130px;><\/div>[\/vc_column][\/vc_row][vc_row][vc_column el_id=&#8220;recenze&#8220; el_class=&#8220;recenze&#8220;]<div class=\"fl-vc-custom-title-container text-center\" ><div class=\"fl-title-vc vc-default-title fl-font-style-bolt\" >Recenze<\/div><\/div><div class=\"fl-vc-responsive--gap cf fl-responsive-gap-69e35e39b5ece-6760 fl-vc--responsive\"   data-responsive-target='fl-responsive-gap-69e35e39b5ece-6760'  data-responsive-param='{\"height\":\"tablet:20px;\"}'  style=height:130px;><\/div><div class=\"fl-team-slider-content-vc fl-team-slider-69e35e39b5f4e-8865 style-one\" ><div class=\"fl-team-slider\"><div class=\"team-slider-slide\"><div class=\"slider-entry-content\"><div class=\"team-slider-name fl-font-style-bolt\">Honza<\/div><div class=\"team-slider-profession fl-font-style-regular-two\">Jako ka\u017edoro\u010dn\u011b d\u011bkujeme za zap\u016fj\u010den\u00ed materi\u00e1lu na Salzu. M\u016f\u017eeme jen doporu\u010dit.<\/div><ul class=\"team-social\"><\/ul><\/div><\/div><div class=\"team-slider-slide\"><div class=\"slider-entry-content\"><div class=\"team-slider-name fl-font-style-bolt\">Jakub<\/div><div class=\"team-slider-profession fl-font-style-regular-two\">S touhle spole\u010dnost\u00ed nem\u00e1m jin\u00e9 ne\u017e pozitivn\u00ed zku\u0161enosti. To co d\u011blaj\u00ed um\u00ed a d\u011blaj\u00ed to dob\u0159e. Umo\u017en\u00ed v\u00e1m napl\u00e1novat si vodu snad jakkoliv budete pot\u0159ebovat. V\u011bci kter\u00e9 jinde dostanete jen na vy\u017e\u00e1d\u00e1n\u00ed, nebo dokonce za p\u0159\u00edplatek pova\u017euj\u00ed za naprostou samoz\u0159ejmost.<\/div><ul class=\"team-social\"><\/ul><\/div><\/div><div class=\"team-slider-slide\"><div class=\"slider-entry-content\"><div class=\"team-slider-name fl-font-style-bolt\">Jana<\/div><div class=\"team-slider-profession fl-font-style-regular-two\">Super lidi, super lod\u011b! R\u00e1di porad\u00ed, a maj\u00ed bezva p\u0159\u00edstup! Doporu\u010duji ka\u017ed\u00e9mu.<\/div><ul class=\"team-social\"><\/ul><\/div><\/div><div class=\"team-slider-slide\"><div class=\"slider-entry-content\"><div class=\"team-slider-name fl-font-style-bolt\">Viktorie<\/div><div class=\"team-slider-profession fl-font-style-regular-two\">Moc recenze nep\u00ed\u0161u, ale zde ud\u011bl\u00e1m v\u00fdjimku. Tato firma si v\u00e1\u017e\u00ed sv\u00fdch klient\u016f, jsme z\u00a0Hradce Kr\u00e1lov\u00e9 a tak jsme poprosili, zda si m\u016f\u017eeme materi\u00e1l vyzvednout ve ve\u010dern\u00edch hodin\u00e1ch. Kdy\u017e jsme p\u0159ijeli, materi\u00e1l p\u0159ipraven a zam\u011bstnanci moc mil\u00fd. Pozitivn\u00ed zku\u0161enost.<\/div><ul class=\"team-social\"><\/ul><\/div><\/div><div class=\"team-slider-slide\"><div class=\"slider-entry-content\"><div class=\"team-slider-name fl-font-style-bolt\">Ondra<\/div><div class=\"team-slider-profession fl-font-style-regular-two\">Skv\u011bl\u00e9 jedn\u00e1n\u00ed, nic nebylo probl\u00e9m, p\u0159ekvapila n\u00e1s nab\u00eddka p\u00e1dla nav\u00edc pro p\u0159\u00edpad ztracen\u00ed.<\/div><ul class=\"team-social\"><\/ul><\/div><\/div><div class=\"team-slider-slide\"><div class=\"slider-entry-content\"><div class=\"team-slider-name fl-font-style-bolt\">Franti\u0161ek<\/div><div class=\"team-slider-profession fl-font-style-regular-two\">Nikde jinde jsem nena\u0161el takov\u00fd v\u00fdb\u011br pro m\u00e9 d\u011bti, obl\u00e9kli m\u00e9ho syna (6 let) i dceru (10 let). Odleh\u010den\u00e9 p\u00e1dlo i v\u00fdb\u011br oble\u010den\u00ed pro nejmen\u0161\u00ed m\u011b mile p\u0159ekvapil.<\/div><ul class=\"team-social\"><\/ul><\/div><\/div><\/div><div class=\"team-slider-arrow-wrap\"><div class=\"left-slider-arrow\"><i class=\"fa fa-arrow-left\"><\/i><\/div><div class=\"right-slider-arrow\"><i class=\"fa fa-arrow-right\"><\/i><\/div><\/div><\/div><script>\n                     jQuery.noConflict()(function ($) { \n                         var image_slider = $('.fl-team-slider-69e35e39b5f4e-8865 .fl-team-slider');  \n                         image_slider.slick({ \n                                dots: true, \n                    \t\t    slidesToShow: 3, \n                    \t\t    slidesToScroll: 1,\n                                arrows: true,\n                               \tautoplay: false,\n                    \t\t    speed: 800,\n                    \t\t    infinite: false,\n                                responsive: [\n                                    {\n                                      breakpoint: 992,\n                                      settings: {\n                                        slidesToShow: 2,\n                                        slidesToScroll: 1\n                                      }\n                                    },\n                                      { \n                                      breakpoint: 700,\n                                      settings: {\n                                        slidesToShow: 1,\n                                        slidesToScroll: 1\n                                      }\n                                    },\n                                  \n                                ] \n                         }); \n                     }); \n                    <\/script><div class=\"fl-vc-responsive--gap cf fl-responsive-gap-69e35e39b5fac-2834 fl-vc--responsive\"   data-responsive-target='fl-responsive-gap-69e35e39b5fac-2834'  data-responsive-param='{\"height\":\"tablet:20px;\"}'  style=height:130px;><\/div>[\/vc_column][\/vc_row]<\/p>\n","protected":false},"excerpt":{"rendered":"<p>[vc_row full_width=&#8220;stretch_row_content_no_spaces&#8220;][vc_column][\/vc_column][\/vc_row][vc_row content_placement=&#8220;middle&#8220;][vc_column width=&#8220;1\/2&#8243;][\/vc_column][vc_column width=&#8220;1\/2&#8243; desktop_bg_image_position=&#8220;bg-position-center-center&#8220; offset=&#8220;vc_col-lg-6 vc_col-md-6 vc_hidden-sm vc_hidden-xs&#8220;][vc_single_image image=&#8220;18929&#8243; animation=&#8220;none&#8220;][\/vc_column][\/vc_row][vc_row custom_responsive_option=&#8220;on&#8220; css=&#8220;.vc_custom_1602209586957{margin-top: 40px !important;margin-bottom: 100px !important;}&#8220; responsive_css=&#8220;margin_top_mobile:30px|margin_bottom_mobile:80px&#8220;][vc_column width=&#8220;1\/2&#8243; offset=&#8220;vc_col-lg-4 vc_col-md-4&#8243;][\/vc_column][vc_column width=&#8220;1\/2&#8243; offset=&#8220;vc_col-lg-4 vc_col-md-4&#8243;][\/vc_column][vc_column width=&#8220;1\/2&#8243; offset=&#8220;vc_col-lg-4 vc_col-md-4&#8243;][\/vc_column][\/vc_row][vc_row][vc_column][\/vc_column][\/vc_row][vc_row][vc_column el_id=&#8220;recenze&#8220; el_class=&#8220;recenze&#8220;][\/vc_column][\/vc_row]<\/p>\n","protected":false},"author":1,"featured_media":0,"parent":0,"menu_order":0,"comment_status":"closed","ping_status":"closed","template":"","meta":{"footnotes":""},"class_list":["post-22","page","type-page","status-publish","hentry"],"_links":{"self":[{"href":"https:\/\/pujcovna-neoprenu.cz\/index.php?rest_route=\/wp\/v2\/pages\/22","targetHints":{"allow":["GET"]}}],"collection":[{"href":"https:\/\/pujcovna-neoprenu.cz\/index.php?rest_route=\/wp\/v2\/pages"}],"about":[{"href":"https:\/\/pujcovna-neoprenu.cz\/index.php?rest_route=\/wp\/v2\/types\/page"}],"author":[{"embeddable":true,"href":"https:\/\/pujcovna-neoprenu.cz\/index.php?rest_route=\/wp\/v2\/users\/1"}],"replies":[{"embeddable":true,"href":"https:\/\/pujcovna-neoprenu.cz\/index.php?rest_route=%2Fwp%2Fv2%2Fcomments&post=22"}],"version-history":[{"count":40,"href":"https:\/\/pujcovna-neoprenu.cz\/index.php?rest_route=\/wp\/v2\/pages\/22\/revisions"}],"predecessor-version":[{"id":18970,"href":"https:\/\/pujcovna-neoprenu.cz\/index.php?rest_route=\/wp\/v2\/pages\/22\/revisions\/18970"}],"wp:attachment":[{"href":"https:\/\/pujcovna-neoprenu.cz\/index.php?rest_route=%2Fwp%2Fv2%2Fmedia&parent=22"}],"curies":[{"name":"wp","href":"https:\/\/api.w.org\/{rel}","templated":true}]}}