{"id":18940,"date":"2022-01-17T08:52:33","date_gmt":"2022-01-17T07:52:33","guid":{"rendered":"https:\/\/pujcovna-neoprenu.cz\/?page_id=18940"},"modified":"2022-01-17T08:52:33","modified_gmt":"2022-01-17T07:52:33","slug":"neoprenovy-komplet","status":"publish","type":"page","link":"https:\/\/pujcovna-neoprenu.cz\/?page_id=18940","title":{"rendered":"Neoprenov\u00fd komplet"},"content":{"rendered":"<p>[vc_row][vc_column width=&#8220;1\/2&#8243;][vc_gallery interval=&#8220;3&#8243; images=&#8220;18942&#8243; img_size=&#8220;large&#8220;][\/vc_column][vc_column width=&#8220;1\/2&#8243;]<div class=\"fl-vc-custom-title-container text-left\" ><div class=\"fl-title-vc vc-default-title fl-font-style-bolt\" >Neoprenov\u00fd komplet<\/div><\/div><div class=\"fl-vc-responsive--gap cf\"  style=height:20px;><\/div><div class=\"fl_custom_text__block fl-custom-text-69e378c11103c-192\" ><p>Zv\u00fdhodn\u011bn\u00e1 cena za kompletn\u00ed neoprenov\u00e9 vybaven\u00ed. Sou\u010d\u00e1st\u00ed neoprenov\u00e9ho<br \/>\nkompletu jsou: neoprenov\u00e9 kalhoty, neoprenov\u00e9 boty, vod\u00e1ck\u00e1 bunda, vod\u00e1ck\u00e1 helma a raftov\u00e1 vesta.<\/p>\n<\/div><div class=\"fl-vc-responsive--gap cf\"  style=height:20px;><\/div><div class=\"fl_custom_text__block fl-custom-text-69e378c1110de-1875\" ><p><strong>Cena: 300,- K\u010d \/ den<\/strong><\/p>\n<\/div>[\/vc_column][\/vc_row]<\/p>\n","protected":false},"excerpt":{"rendered":"<p>[vc_row][vc_column width=&#8220;1\/2&#8243;][vc_gallery interval=&#8220;3&#8243; images=&#8220;18942&#8243; img_size=&#8220;large&#8220;][\/vc_column][vc_column width=&#8220;1\/2&#8243;][\/vc_column][\/vc_row]<\/p>\n","protected":false},"author":1,"featured_media":0,"parent":0,"menu_order":0,"comment_status":"closed","ping_status":"closed","template":"","meta":{"footnotes":""},"class_list":["post-18940","page","type-page","status-publish","hentry"],"_links":{"self":[{"href":"https:\/\/pujcovna-neoprenu.cz\/index.php?rest_route=\/wp\/v2\/pages\/18940","targetHints":{"allow":["GET"]}}],"collection":[{"href":"https:\/\/pujcovna-neoprenu.cz\/index.php?rest_route=\/wp\/v2\/pages"}],"about":[{"href":"https:\/\/pujcovna-neoprenu.cz\/index.php?rest_route=\/wp\/v2\/types\/page"}],"author":[{"embeddable":true,"href":"https:\/\/pujcovna-neoprenu.cz\/index.php?rest_route=\/wp\/v2\/users\/1"}],"replies":[{"embeddable":true,"href":"https:\/\/pujcovna-neoprenu.cz\/index.php?rest_route=%2Fwp%2Fv2%2Fcomments&post=18940"}],"version-history":[{"count":2,"href":"https:\/\/pujcovna-neoprenu.cz\/index.php?rest_route=\/wp\/v2\/pages\/18940\/revisions"}],"predecessor-version":[{"id":18943,"href":"https:\/\/pujcovna-neoprenu.cz\/index.php?rest_route=\/wp\/v2\/pages\/18940\/revisions\/18943"}],"wp:attachment":[{"href":"https:\/\/pujcovna-neoprenu.cz\/index.php?rest_route=%2Fwp%2Fv2%2Fmedia&parent=18940"}],"curies":[{"name":"wp","href":"https:\/\/api.w.org\/{rel}","templated":true}]}}