{"id":18734,"date":"2021-10-20T14:02:26","date_gmt":"2021-10-20T12:02:26","guid":{"rendered":"https:\/\/pujcovna-neoprenu.cz\/?page_id=18734"},"modified":"2022-01-07T12:28:20","modified_gmt":"2022-01-07T11:28:20","slug":"nafukovaci-paddleboard","status":"publish","type":"page","link":"https:\/\/pujcovna-neoprenu.cz\/?page_id=18734","title":{"rendered":"Nafukovac\u00ed paddleboard"},"content":{"rendered":"<p>[vc_row][vc_column width=&#8220;1\/2&#8243;][vc_gallery interval=&#8220;3&#8243; images=&#8220;18864&#8243; img_size=&#8220;large&#8220;][\/vc_column][vc_column width=&#8220;1\/2&#8243;]<div class=\"fl-vc-custom-title-container text-left\" ><div class=\"fl-title-vc vc-default-title fl-font-style-bolt\" >Nafukovac\u00ed Paddleboard<\/div><\/div><div class=\"fl-vc-responsive--gap cf\"  style=height:20px;><\/div><div class=\"fl_custom_text__block fl-custom-text-69e3798d05459-5469\" ><p>&#8211; Paddle-Boarding nebo tak\u00e9 Stand-Up-Paddling je vod\u00e1ck\u00e9 odv\u011btv\u00ed spojuj\u00edc\u00ed klasick\u00e9 p\u00e1dlov\u00e1n\u00ed na kanoi a j\u00edzdu na prkn\u011b &#8211; boardu, m\u016f\u017eete p\u00e1dlovat na klidn\u00e9 hladin\u011b nebo sj\u00ed\u017ed\u011bt pe\u0159ejky, je to na V\u00e1s<br \/>\n&#8211; velkou v\u00fdzvou je i Paddleboard Y\u00f3ga.<br \/>\n<strong>Cena je za kompletn\u011b vybaven\u00e9 plavidlo (p\u00e1dlo, vesta, leash a pumpa) &#8211; u\u017e nic <\/strong><strong>nedopl\u00e1c\u00edte. V p\u0159\u00edpad\u011b neodebr\u00e1n\u00ed, cena z\u016fst\u00e1v\u00e1 stejn\u00e1.<\/strong><\/p>\n<\/div><div class=\"fl-vc-responsive--gap cf\"  style=height:20px;><\/div><div class=\"fl_custom_text__block fl-custom-text-69e3798d054d9-4261\" ><p><strong>Cena: 400,- K\u010d \/ den<\/strong><\/p>\n<p>Cena p\u0159i zap\u016fj\u010den\u00ed na v\u00edce dn\u00ed:<br \/>\n1 den\u2026\u2026400,- K\u010d<br \/>\n2 dny\u2026\u2026700,- K\u010d<br \/>\n3 dny\u2026\u2026850,- K\u010d<br \/>\n4 dny\u2026\u2026990,- K\u010d<br \/>\n5 dn\u00ed\u2026\u2026.1.120,- K\u010d<br \/>\n6 dn\u00ed\u2026\u2026.1.250,- K\u010d<br \/>\n7 dn\u00ed\u2026\u2026.1.370,- K\u010d<br \/>\n8 dn\u00ed\u2026\u2026.1.490,- K\u010d<br \/>\n9 dn\u00ed\u2026\u2026.1.600,- K\u010d<br \/>\n10 dn\u00ed\u2026..1.710,- K\u010d<br \/>\nP\u0159i zap\u016fj\u010den\u00ed na v\u00edce dn\u00ed + 100,- K\u010d \/ den<\/p>\n<\/div>[\/vc_column][\/vc_row]<\/p>\n","protected":false},"excerpt":{"rendered":"<p>[vc_row][vc_column width=&#8220;1\/2&#8243;][vc_gallery interval=&#8220;3&#8243; images=&#8220;18864&#8243; img_size=&#8220;large&#8220;][\/vc_column][vc_column width=&#8220;1\/2&#8243;][\/vc_column][\/vc_row]<\/p>\n","protected":false},"author":1,"featured_media":0,"parent":0,"menu_order":0,"comment_status":"closed","ping_status":"closed","template":"","meta":{"footnotes":""},"class_list":["post-18734","page","type-page","status-publish","hentry"],"_links":{"self":[{"href":"https:\/\/pujcovna-neoprenu.cz\/index.php?rest_route=\/wp\/v2\/pages\/18734","targetHints":{"allow":["GET"]}}],"collection":[{"href":"https:\/\/pujcovna-neoprenu.cz\/index.php?rest_route=\/wp\/v2\/pages"}],"about":[{"href":"https:\/\/pujcovna-neoprenu.cz\/index.php?rest_route=\/wp\/v2\/types\/page"}],"author":[{"embeddable":true,"href":"https:\/\/pujcovna-neoprenu.cz\/index.php?rest_route=\/wp\/v2\/users\/1"}],"replies":[{"embeddable":true,"href":"https:\/\/pujcovna-neoprenu.cz\/index.php?rest_route=%2Fwp%2Fv2%2Fcomments&post=18734"}],"version-history":[{"count":4,"href":"https:\/\/pujcovna-neoprenu.cz\/index.php?rest_route=\/wp\/v2\/pages\/18734\/revisions"}],"predecessor-version":[{"id":18867,"href":"https:\/\/pujcovna-neoprenu.cz\/index.php?rest_route=\/wp\/v2\/pages\/18734\/revisions\/18867"}],"wp:attachment":[{"href":"https:\/\/pujcovna-neoprenu.cz\/index.php?rest_route=%2Fwp%2Fv2%2Fmedia&parent=18734"}],"curies":[{"name":"wp","href":"https:\/\/api.w.org\/{rel}","templated":true}]}}