{"id":18730,"date":"2021-10-20T14:01:27","date_gmt":"2021-10-20T12:01:27","guid":{"rendered":"https:\/\/pujcovna-neoprenu.cz\/?page_id=18730"},"modified":"2022-01-07T12:22:49","modified_gmt":"2022-01-07T11:22:49","slug":"nafukovaci-raft-colorado-450","status":"publish","type":"page","link":"https:\/\/pujcovna-neoprenu.cz\/?page_id=18730","title":{"rendered":"Nafukovac\u00ed raft Colorado 450"},"content":{"rendered":"<p>[vc_row][vc_column width=&#8220;1\/2&#8243;][vc_gallery interval=&#8220;3&#8243; images=&#8220;18856&#8243; img_size=&#8220;large&#8220;][\/vc_column][vc_column width=&#8220;1\/2&#8243;]<div class=\"fl-vc-custom-title-container text-left\" ><div class=\"fl-title-vc vc-default-title fl-font-style-bolt fl-custom-title-69e3798cec82b-4347\" >Nafukovac\u00ed raft Colorado 450<\/div><\/div><div class=\"fl-vc-responsive--gap cf\"  style=height:20px;><\/div><div class=\"fl_custom_text__block fl-custom-text-69e3798cec8d5-5690\" ><p>Univerz\u00e1ln\u00ed \u010dlun pro pr\u00e1zdninov\u00e9 putov\u00e1n\u00ed po \u0159ece s rodinou, nebo pro sportovn\u00ed sjezdy \u0159ek do stupn\u011b obt\u00ed\u017enosti WW IV. Tradi\u010dn\u00ed \u010desk\u00fd sportovn\u00ed \u010dlun.<br \/>\nMateri\u00e1l \u2013 vysoce odoln\u00e1 polyesterov\u00e1 tkanina s n\u00e1nosy syntetick\u00fdch kau\u010duk\u016f zaji\u0161\u0165uje vysokou odolnost \u010dlunu proti protr\u017een\u00ed, nav\u00edc maj\u00ed v\u0161echny na\u0161e lod\u011b zespodu speci\u00e1ln\u00ed protiod\u011brovou folii. Dal\u0161\u00ed v\u00fdhodou jsou p\u0159epou\u0161t\u011bc\u00ed ventily (dno, krajn\u00ed bo\u010dn\u00ed v\u00e1lce), kter\u00e9 hl\u00eddaj\u00ed tlak vzduchu v lodi a v p\u0159\u00edpad\u011b p\u0159etlaku samy trochu vzduchu upust\u00ed\u00a0 (zvl\u00e1\u0161\u0165 za velmi tepl\u00e9ho po\u010das\u00ed se tato mali\u010dkost vyplat\u00ed).<br \/>\n\u010clun COLORADO se stal v \u010cR velmi popul\u00e1rn\u00edm z\u00e1vodn\u00edm \u010dlunem.<br \/>\nDvojit\u00e9 vzduchov\u00e9 komory hlavn\u00edch v\u00e1lc\u016f zaji\u0161\u0165uj\u00ed bezpe\u010dnost \u2013 v p\u0159\u00edpad\u011b protr\u017een\u00ed vn\u011bj\u0161\u00ed st\u011bny hlavn\u00edho v\u00e1lce zabezpe\u010d\u00ed vnit\u0159n\u00ed komora nouzov\u00e9 dojet\u00ed \u010dlunu. Otev\u0159en\u00e1 z\u00e1\u010f \u2013 v p\u0159\u00edpad\u011b zalit\u00ed vodou v pe\u0159ej\u00edch voda z \u010dlunu sama vyt\u00e9k\u00e1.<\/p>\n<p><strong>Cena je za kompletn\u011b vybaven\u00e9 plavidlo (p\u00e1dlo, vesta a barel) &#8211; u\u017e nic nedopl\u00e1c\u00edte. V <\/strong><strong>p\u0159\u00edpad\u011b neodebr\u00e1n\u00ed, cena z\u016fst\u00e1v\u00e1 stejn\u00e1.<\/strong><\/p>\n<\/div><div class=\"fl-vc-responsive--gap cf\"  style=height:20px;><\/div><div class=\"fl_custom_text__block fl-custom-text-69e3798cec992-4820\" ><p><strong>Cena: 850,- K\u010d<\/strong><\/p>\n<\/div>[\/vc_column][\/vc_row]<\/p>\n","protected":false},"excerpt":{"rendered":"<p>[vc_row][vc_column width=&#8220;1\/2&#8243;][vc_gallery interval=&#8220;3&#8243; images=&#8220;18856&#8243; img_size=&#8220;large&#8220;][\/vc_column][vc_column width=&#8220;1\/2&#8243;][\/vc_column][\/vc_row]<\/p>\n","protected":false},"author":1,"featured_media":0,"parent":0,"menu_order":0,"comment_status":"closed","ping_status":"closed","template":"","meta":{"footnotes":""},"class_list":["post-18730","page","type-page","status-publish","hentry"],"_links":{"self":[{"href":"https:\/\/pujcovna-neoprenu.cz\/index.php?rest_route=\/wp\/v2\/pages\/18730","targetHints":{"allow":["GET"]}}],"collection":[{"href":"https:\/\/pujcovna-neoprenu.cz\/index.php?rest_route=\/wp\/v2\/pages"}],"about":[{"href":"https:\/\/pujcovna-neoprenu.cz\/index.php?rest_route=\/wp\/v2\/types\/page"}],"author":[{"embeddable":true,"href":"https:\/\/pujcovna-neoprenu.cz\/index.php?rest_route=\/wp\/v2\/users\/1"}],"replies":[{"embeddable":true,"href":"https:\/\/pujcovna-neoprenu.cz\/index.php?rest_route=%2Fwp%2Fv2%2Fcomments&post=18730"}],"version-history":[{"count":5,"href":"https:\/\/pujcovna-neoprenu.cz\/index.php?rest_route=\/wp\/v2\/pages\/18730\/revisions"}],"predecessor-version":[{"id":18860,"href":"https:\/\/pujcovna-neoprenu.cz\/index.php?rest_route=\/wp\/v2\/pages\/18730\/revisions\/18860"}],"wp:attachment":[{"href":"https:\/\/pujcovna-neoprenu.cz\/index.php?rest_route=%2Fwp%2Fv2%2Fmedia&parent=18730"}],"curies":[{"name":"wp","href":"https:\/\/api.w.org\/{rel}","templated":true}]}}