{"id":18728,"date":"2021-10-20T14:00:46","date_gmt":"2021-10-20T12:00:46","guid":{"rendered":"https:\/\/pujcovna-neoprenu.cz\/?page_id=18728"},"modified":"2022-01-07T11:44:19","modified_gmt":"2022-01-07T10:44:19","slug":"nafukovaci-raft-replay-380","status":"publish","type":"page","link":"https:\/\/pujcovna-neoprenu.cz\/?page_id=18728","title":{"rendered":"Nafukovac\u00ed raft Replay 380"},"content":{"rendered":"<p>[vc_row][vc_column width=&#8220;1\/2&#8243;][vc_gallery interval=&#8220;3&#8243; images=&#8220;18845&#8243; img_size=&#8220;large&#8220;][\/vc_column][vc_column width=&#8220;1\/2&#8243;]<div class=\"fl-vc-custom-title-container text-left\" ><div class=\"fl-title-vc vc-default-title fl-font-style-bolt fl-custom-title-69e37a61838cf-848\" >Nafukovac\u00ed raft Replay 380<\/div><\/div><div class=\"fl-vc-responsive--gap cf\"  style=height:20px;><\/div><div class=\"fl_custom_text__block fl-custom-text-69e37a6183934-6423\" ><p>&#8211; jak u\u017e p\u0159ipom\u00edn\u00e1 n\u00e1zev, tento raft p\u0159in\u00e1\u0161\u00ed radost a hravost p\u0159i sj\u00ed\u017ed\u011bn\u00ed \u0159eky v\u00a0t\u00fdmu<br \/>\n&#8211; je ur\u010den pro ty, kte\u0159\u00ed cht\u011bj\u00ed jezdit aktivn\u011b a zkou\u0161et svoje limity<br \/>\n&#8211; Replay 380\u00a0v\u00e1m to umo\u017en\u00ed, d\u00edky sv\u00fdm vlastnostem beze zbytku<br \/>\n&#8211; za nep\u0159ehl\u00e9dnuteln\u00fdm designem je skryta vynikaj\u00edc\u00ed v\u00fdkonnost na divok\u00e9 vod\u011b<br \/>\n&#8211; \u017e\u00e1dn\u00e1 zpo\u017ed\u011bn\u00e1 reakce na v\u00e1\u0161 z\u00e1b\u011br<br \/>\n&#8211; plynul\u00e9 k\u0159ivky, profilovan\u00e9 samovyl\u00e9vac\u00ed dno, extr\u00e9mn\u00ed tuhost korpusu, hmotnost 35kg v praxi znamenaj\u00ed rychlost, ovladatelnost a bezpe\u010dnost<br \/>\n<strong>Cena je za kompletn\u011b vybaven\u00e9 plavidlo (p\u00e1dlo, vesta a barel) &#8211; u\u017e nic nedopl\u00e1c\u00edte. V <\/strong><strong>p\u0159\u00edpad\u011b neodebr\u00e1n\u00ed, cena z\u016fst\u00e1v\u00e1 stejn\u00e1.<\/strong><\/p>\n<\/div><div class=\"fl-vc-responsive--gap cf\"  style=height:20px;><\/div><div class=\"fl_custom_text__block fl-custom-text-69e37a618399e-4314\" ><p><strong>Cena: 750,- K\u010d \/ den<\/strong><\/p>\n<\/div>[\/vc_column][\/vc_row]<\/p>\n","protected":false},"excerpt":{"rendered":"<p>[vc_row][vc_column width=&#8220;1\/2&#8243;][vc_gallery interval=&#8220;3&#8243; images=&#8220;18845&#8243; img_size=&#8220;large&#8220;][\/vc_column][vc_column width=&#8220;1\/2&#8243;][\/vc_column][\/vc_row]<\/p>\n","protected":false},"author":1,"featured_media":0,"parent":0,"menu_order":0,"comment_status":"closed","ping_status":"closed","template":"","meta":{"footnotes":""},"class_list":["post-18728","page","type-page","status-publish","hentry"],"_links":{"self":[{"href":"https:\/\/pujcovna-neoprenu.cz\/index.php?rest_route=\/wp\/v2\/pages\/18728","targetHints":{"allow":["GET"]}}],"collection":[{"href":"https:\/\/pujcovna-neoprenu.cz\/index.php?rest_route=\/wp\/v2\/pages"}],"about":[{"href":"https:\/\/pujcovna-neoprenu.cz\/index.php?rest_route=\/wp\/v2\/types\/page"}],"author":[{"embeddable":true,"href":"https:\/\/pujcovna-neoprenu.cz\/index.php?rest_route=\/wp\/v2\/users\/1"}],"replies":[{"embeddable":true,"href":"https:\/\/pujcovna-neoprenu.cz\/index.php?rest_route=%2Fwp%2Fv2%2Fcomments&post=18728"}],"version-history":[{"count":8,"href":"https:\/\/pujcovna-neoprenu.cz\/index.php?rest_route=\/wp\/v2\/pages\/18728\/revisions"}],"predecessor-version":[{"id":18853,"href":"https:\/\/pujcovna-neoprenu.cz\/index.php?rest_route=\/wp\/v2\/pages\/18728\/revisions\/18853"}],"wp:attachment":[{"href":"https:\/\/pujcovna-neoprenu.cz\/index.php?rest_route=%2Fwp%2Fv2%2Fmedia&parent=18728"}],"curies":[{"name":"wp","href":"https:\/\/api.w.org\/{rel}","templated":true}]}}