{"id":18720,"date":"2021-10-20T13:58:49","date_gmt":"2021-10-20T11:58:49","guid":{"rendered":"https:\/\/pujcovna-neoprenu.cz\/?page_id=18720"},"modified":"2022-03-16T17:29:16","modified_gmt":"2022-03-16T16:29:16","slug":"padla","status":"publish","type":"page","link":"https:\/\/pujcovna-neoprenu.cz\/?page_id=18720","title":{"rendered":"P\u00e1dla"},"content":{"rendered":"<p>[vc_row][vc_column width=&#8220;1\/2&#8243;][vc_gallery interval=&#8220;10&#8243; images=&#8220;18872,18873&#8243; img_size=&#8220;large&#8220;][\/vc_column][vc_column width=&#8220;1\/2&#8243;]<div class=\"fl-vc-custom-title-container text-left\" ><div class=\"fl-title-vc vc-default-title fl-font-style-bolt\" ><strong>Turistick\u00e9 p\u00e1dlo TNP<\/strong><\/div><\/div><div class=\"fl-vc-responsive--gap cf\"  style=height:20px;><\/div><div class=\"fl_custom_text__block fl-custom-text-69e3ad88f23d2-9262\" ><p>P\u00e1dlo je ur\u010deno pro \u0161irokou turistickou ve\u0159ejnost a p\u016fj\u010dovny p\u00e1del, pro sportovn\u00ed j\u00edzdu na klidn\u00fdch i divok\u00fdch vod\u00e1ch, na k\u00e1no\u00edch i raftech. P\u00e1dlo je v m\u00edst\u011b \u00fachytu opat\u0159eno plastovou bu\u017e\u00edrkou a anatomicky tvarovanou plastovou hlavi\u010dkou.<\/p>\n<p>&nbsp;<\/p>\n<p>Tuto polo\u017eku zakoup\u00edte na na\u0161em vod\u00e1ck\u00e9m <a href=\"https:\/\/ka- servis.cz\/La15050-kanoisticke-padlo-tnp-505-veskere-varianty-laminex.html\"><span style=\"text-decoration: underline;\"><strong>obchod\u011b<\/strong><\/span><\/a>.<\/p>\n<\/div><div class=\"fl-vc-responsive--gap cf\"  style=height:20px;><\/div><div class=\"fl_custom_text__block fl-custom-text-69e3ad88f244c-4077\" ><p><strong>Cena: 40,- K\u010d \/ den<\/strong><\/p>\n<\/div><div class=\"fl_custom_text__block fl-custom-text-69e3ad88f248b-7730\" ><p><strong>V\u00a0r\u00e1mci p\u016fj\u010dovn\u00e9ho jak\u00e9koliv lod\u011b je<\/strong><br \/>\n<strong>p\u00e1dlo zdarma<\/strong><\/p>\n<\/div>[\/vc_column][\/vc_row]<\/p>\n","protected":false},"excerpt":{"rendered":"<p>[vc_row][vc_column width=&#8220;1\/2&#8243;][vc_gallery interval=&#8220;10&#8243; images=&#8220;18872,18873&#8243; img_size=&#8220;large&#8220;][\/vc_column][vc_column width=&#8220;1\/2&#8243;][\/vc_column][\/vc_row]<\/p>\n","protected":false},"author":1,"featured_media":0,"parent":0,"menu_order":0,"comment_status":"closed","ping_status":"closed","template":"","meta":{"footnotes":""},"class_list":["post-18720","page","type-page","status-publish","hentry"],"_links":{"self":[{"href":"https:\/\/pujcovna-neoprenu.cz\/index.php?rest_route=\/wp\/v2\/pages\/18720","targetHints":{"allow":["GET"]}}],"collection":[{"href":"https:\/\/pujcovna-neoprenu.cz\/index.php?rest_route=\/wp\/v2\/pages"}],"about":[{"href":"https:\/\/pujcovna-neoprenu.cz\/index.php?rest_route=\/wp\/v2\/types\/page"}],"author":[{"embeddable":true,"href":"https:\/\/pujcovna-neoprenu.cz\/index.php?rest_route=\/wp\/v2\/users\/1"}],"replies":[{"embeddable":true,"href":"https:\/\/pujcovna-neoprenu.cz\/index.php?rest_route=%2Fwp%2Fv2%2Fcomments&post=18720"}],"version-history":[{"count":14,"href":"https:\/\/pujcovna-neoprenu.cz\/index.php?rest_route=\/wp\/v2\/pages\/18720\/revisions"}],"predecessor-version":[{"id":18995,"href":"https:\/\/pujcovna-neoprenu.cz\/index.php?rest_route=\/wp\/v2\/pages\/18720\/revisions\/18995"}],"wp:attachment":[{"href":"https:\/\/pujcovna-neoprenu.cz\/index.php?rest_route=%2Fwp%2Fv2%2Fmedia&parent=18720"}],"curies":[{"name":"wp","href":"https:\/\/api.w.org\/{rel}","templated":true}]}}