{"id":18712,"date":"2021-10-20T13:56:24","date_gmt":"2021-10-20T11:56:24","guid":{"rendered":"https:\/\/pujcovna-neoprenu.cz\/?page_id=18712"},"modified":"2022-03-30T19:55:48","modified_gmt":"2022-03-30T17:55:48","slug":"vodacka-bunda","status":"publish","type":"page","link":"https:\/\/pujcovna-neoprenu.cz\/?page_id=18712","title":{"rendered":"Vod\u00e1ck\u00e1 bunda"},"content":{"rendered":"<p>[vc_row][vc_column width=&#8220;1\/2&#8243;][vc_gallery interval=&#8220;3&#8243; images=&#8220;18827,18828&#8243; img_size=&#8220;large&#8220;][\/vc_column][vc_column width=&#8220;1\/2&#8243;]<div class=\"fl-vc-custom-title-container text-left\" ><div class=\"fl-title-vc vc-default-title fl-font-style-bolt\" ><strong>Vod\u00e1ck\u00e1 bunda Pilgrim<\/strong><\/div><\/div><div class=\"fl-vc-responsive--gap cf\"  style=height:20px;><\/div><div class=\"fl_custom_text__block fl-custom-text-69e377c8a5d4e-4299\" ><p>&#8211; V\u00fdhodou je lehkost materi\u00e1lu a jednoduchost dotahov\u00e1n\u00ed neoprenov\u00fdch man\u017eet na krku a z\u00e1p\u011bst\u00ed.<br \/>\n&#8211; Stahov\u00e1n\u00ed v pase na gumu a pod\u017eehlen\u00e9 \u0161vy chr\u00e1n\u00ed jezdce p\u0159ed promoknut\u00edm.<br \/>\n&#8211; St\u0159ihov\u011b bunda sedne vod\u00e1k\u016fm v\u0161ech t\u011blesn\u00fdch typ\u016f.<\/p>\n<p>&nbsp;<\/p>\n<p>Tuto polo\u017eku zakoup\u00edte na na\u0161em vod\u00e1ck\u00e9m <a href=\"https:\/\/ka-servis.cz\/Hi02214-vodacka-bunda-pilgrim-hiko.html\"><span style=\"text-decoration: underline;\"><strong>obchod\u011b<\/strong><\/span><\/a>.<\/p>\n<\/div><div class=\"fl-vc-responsive--gap cf\"  style=height:20px;><\/div><div class=\"fl_custom_text__block fl-custom-text-69e377c8a5daa-9665\" ><p><strong>Cena: 60,- K\u010d \/ den<\/strong><\/p>\n<\/div><div class=\"fl-vc-responsive--gap cf\"  style=height:20px;><\/div>[vc_single_image image=&#8220;18912&#8243; animation=&#8220;none&#8220;][\/vc_column][\/vc_row][vc_row][vc_column width=&#8220;1\/2&#8243;]<div class=\"fl-vc-custom-title-container text-left\" ><div class=\"fl-title-vc vc-default-title fl-font-style-bolt fl-custom-title-69e377c8a5e02-9718\" ><strong>Vod\u00e1ck\u00e1 bunda &#8211; d\u011btsk\u00e1<\/strong><\/div><\/div><div class=\"fl-vc-responsive--gap cf\"  style=height:20px;><\/div><div class=\"fl_custom_text__block fl-custom-text-69e377c8a5e38-4609\" ><p>Vyrobena z odoln\u00e9ho dvouvrstv\u00e9ho prody\u0161n\u00e9ho materi\u00e1lu. Stahovac\u00ed neoprenov\u00e1 man\u017eeta u krku a na rukou. V pase stahov\u00e1n\u00ed na gumu.<\/p>\n<p>&nbsp;<\/p>\n<p>Tuto polo\u017eku zakoup\u00edte na na\u0161em vod\u00e1ck\u00e9m <a href=\"https:\/\/ka-servis.cz\/Hi02254-vodacka-bunda-quest-junior-hiko.html\"><span style=\"text-decoration: underline;\"><strong>obchod\u011b<\/strong><\/span><\/a>.<\/p>\n<\/div><div class=\"fl-vc-responsive--gap cf\"  style=height:20px;><\/div><div class=\"fl_custom_text__block fl-custom-text-69e377c8a5e84-9654\" ><p><strong>Cena: 60,- K\u010d \/ den<\/strong><\/p>\n<\/div><div class=\"fl-vc-responsive--gap cf\"  style=height:20px;><\/div>[vc_single_image image=&#8220;18978&#8243; animation=&#8220;none&#8220;][\/vc_column][vc_column width=&#8220;1\/2&#8243;][vc_gallery interval=&#8220;3&#8243; images=&#8220;18977&#8243; img_size=&#8220;large&#8220;][\/vc_column][\/vc_row]<\/p>\n","protected":false},"excerpt":{"rendered":"<p>[vc_row][vc_column width=&#8220;1\/2&#8243;][vc_gallery interval=&#8220;3&#8243; images=&#8220;18827,18828&#8243; img_size=&#8220;large&#8220;][\/vc_column][vc_column width=&#8220;1\/2&#8243;][vc_single_image image=&#8220;18912&#8243; animation=&#8220;none&#8220;][\/vc_column][\/vc_row][vc_row][vc_column width=&#8220;1\/2&#8243;][vc_single_image image=&#8220;18978&#8243; animation=&#8220;none&#8220;][\/vc_column][vc_column width=&#8220;1\/2&#8243;][vc_gallery interval=&#8220;3&#8243; images=&#8220;18977&#8243; img_size=&#8220;large&#8220;][\/vc_column][\/vc_row]<\/p>\n","protected":false},"author":1,"featured_media":0,"parent":0,"menu_order":0,"comment_status":"closed","ping_status":"closed","template":"","meta":{"footnotes":""},"class_list":["post-18712","page","type-page","status-publish","hentry"],"_links":{"self":[{"href":"https:\/\/pujcovna-neoprenu.cz\/index.php?rest_route=\/wp\/v2\/pages\/18712","targetHints":{"allow":["GET"]}}],"collection":[{"href":"https:\/\/pujcovna-neoprenu.cz\/index.php?rest_route=\/wp\/v2\/pages"}],"about":[{"href":"https:\/\/pujcovna-neoprenu.cz\/index.php?rest_route=\/wp\/v2\/types\/page"}],"author":[{"embeddable":true,"href":"https:\/\/pujcovna-neoprenu.cz\/index.php?rest_route=\/wp\/v2\/users\/1"}],"replies":[{"embeddable":true,"href":"https:\/\/pujcovna-neoprenu.cz\/index.php?rest_route=%2Fwp%2Fv2%2Fcomments&post=18712"}],"version-history":[{"count":8,"href":"https:\/\/pujcovna-neoprenu.cz\/index.php?rest_route=\/wp\/v2\/pages\/18712\/revisions"}],"predecessor-version":[{"id":19008,"href":"https:\/\/pujcovna-neoprenu.cz\/index.php?rest_route=\/wp\/v2\/pages\/18712\/revisions\/19008"}],"wp:attachment":[{"href":"https:\/\/pujcovna-neoprenu.cz\/index.php?rest_route=%2Fwp%2Fv2%2Fmedia&parent=18712"}],"curies":[{"name":"wp","href":"https:\/\/api.w.org\/{rel}","templated":true}]}}